{"id":228,"date":"2025-04-10T18:40:09","date_gmt":"2025-04-10T18:40:09","guid":{"rendered":"https:\/\/sergiourbinabeauty.com\/?page_id=228"},"modified":"2025-04-12T23:23:07","modified_gmt":"2025-04-12T23:23:07","slug":"our-team","status":"publish","type":"page","link":"https:\/\/sergiourbinabeauty.com\/es\/our-team\/","title":{"rendered":"Nuestro Equipo"},"content":{"rendered":"<div data-elementor-type=\"wp-page\" data-elementor-id=\"228\" class=\"elementor elementor-228\" data-elementor-post-type=\"page\">\n\t\t\t\t<div class=\"elementor-element elementor-element-8d72e82 e-flex e-con-boxed e-con e-parent\" data-id=\"8d72e82\" data-element_type=\"container\">\n\t\t\t\t\t<div class=\"e-con-inner\">\n\t\t\t\t<div class=\"elementor-element elementor-element-6bb5a20 elementor-widget elementor-widget-spacer\" data-id=\"6bb5a20\" data-element_type=\"widget\" data-widget_type=\"spacer.default\">\n\t\t\t\t<div class=\"elementor-widget-container\">\n\t\t\t\t\t\t\t<div class=\"elementor-spacer\">\n\t\t\t<div class=\"elementor-spacer-inner\"><\/div>\n\t\t<\/div>\n\t\t\t\t\t\t<\/div>\n\t\t\t\t<\/div>\n\t\t\t\t\t<\/div>\n\t\t\t\t<\/div>\n\t\t<div class=\"elementor-element elementor-element-24f0eb8 e-flex e-con-boxed e-con e-parent\" data-id=\"24f0eb8\" data-element_type=\"container\" data-settings=\"{&quot;background_background&quot;:&quot;classic&quot;}\">\n\t\t\t\t\t<div class=\"e-con-inner\">\n\t\t\t\t<div class=\"elementor-element elementor-element-4d0735b7 elementor-widget elementor-widget-heading\" data-id=\"4d0735b7\" data-element_type=\"widget\" data-widget_type=\"heading.default\">\n\t\t\t\t<div class=\"elementor-widget-container\">\n\t\t\t\t\t<h2 class=\"elementor-heading-title elementor-size-default\">Nuestro Equipo<\/h2>\t\t\t\t<\/div>\n\t\t\t\t<\/div>\n\t\t\t\t<div class=\"elementor-element elementor-element-7c82b3d3 elementor-widget elementor-widget-heading\" data-id=\"7c82b3d3\" data-element_type=\"widget\" data-widget_type=\"heading.default\">\n\t\t\t\t<div class=\"elementor-widget-container\">\n\t\t\t\t\t<h4 class=\"elementor-heading-title elementor-size-default\">El talento de nuestro equipo se basa en una combinaci\u00f3n de experiencia, educaci\u00f3n continua, pericia t\u00e9cnica y arte creativo. No importa con qui\u00e9n elijas trabajar, puedes esperar un alto nivel de profesionalismo y una experiencia personalizada que refleje las \u00faltimas t\u00e9cnicas y tendencias. Dado que cada cliente es \u00fanico, te recomendamos seleccionar al estilista cuyas habilidades, horario y enfoque se alineen mejor con tus necesidades y objetivos. Si no est\u00e1s seguro de con qui\u00e9n reservar, no dudes en llamarnos\u2014estaremos encantados de ayudarte a encontrar la opci\u00f3n adecuada.<\/h4>\t\t\t\t<\/div>\n\t\t\t\t<\/div>\n\t\t<div class=\"elementor-element elementor-element-6585be30 e-con-full e-flex e-con e-child\" data-id=\"6585be30\" data-element_type=\"container\">\n\t\t\t\t<div class=\"elementor-element elementor-element-7970ed0c elementor-widget-tablet__width-initial elementor-widget-mobile__width-inherit elementor-widget__width-initial elementor-position-top elementor-widget elementor-widget-image-box\" data-id=\"7970ed0c\" data-element_type=\"widget\" data-widget_type=\"image-box.default\">\n\t\t\t\t<div class=\"elementor-widget-container\">\n\t\t\t\t\t<div class=\"elementor-image-box-wrapper\"><figure class=\"elementor-image-box-img\"><img fetchpriority=\"high\" decoding=\"async\" width=\"1161\" height=\"1236\" src=\"https:\/\/sergiourbinabeauty.com\/wp-content\/uploads\/2025\/04\/AE9ACDE5-F7D3-4C86-987C-063FD874524C.jpeg\" class=\"elementor-animation-grow attachment-full size-full wp-image-567\" alt=\"\" srcset=\"https:\/\/sergiourbinabeauty.com\/wp-content\/uploads\/2025\/04\/AE9ACDE5-F7D3-4C86-987C-063FD874524C.jpeg 1161w, https:\/\/sergiourbinabeauty.com\/wp-content\/uploads\/2025\/04\/AE9ACDE5-F7D3-4C86-987C-063FD874524C-282x300.jpeg 282w, https:\/\/sergiourbinabeauty.com\/wp-content\/uploads\/2025\/04\/AE9ACDE5-F7D3-4C86-987C-063FD874524C-962x1024.jpeg 962w, https:\/\/sergiourbinabeauty.com\/wp-content\/uploads\/2025\/04\/AE9ACDE5-F7D3-4C86-987C-063FD874524C-768x818.jpeg 768w\" sizes=\"(max-width: 1161px) 100vw, 1161px\" \/><\/figure><div class=\"elementor-image-box-content\"><h4 class=\"elementor-image-box-title\">Sergio Urbina<\/h4><p class=\"elementor-image-box-description\">Estilista Principal - Due\u00f1o<\/p><\/div><\/div>\t\t\t\t<\/div>\n\t\t\t\t<\/div>\n\t\t\t\t<div class=\"elementor-element elementor-element-74d834c elementor-widget-tablet__width-initial elementor-widget-mobile__width-inherit elementor-widget__width-initial elementor-position-top elementor-widget elementor-widget-image-box\" data-id=\"74d834c\" data-element_type=\"widget\" data-widget_type=\"image-box.default\">\n\t\t\t\t<div class=\"elementor-widget-container\">\n\t\t\t\t\t<div class=\"elementor-image-box-wrapper\"><figure class=\"elementor-image-box-img\"><img decoding=\"async\" width=\"736\" height=\"736\" src=\"https:\/\/sergiourbinabeauty.com\/wp-content\/uploads\/2025\/04\/Download-Coming-Soon-Text-Label-Vector-Template-Design-Illustration-for-free.jpg\" class=\"elementor-animation-grow attachment-full size-full wp-image-590\" alt=\"\" srcset=\"https:\/\/sergiourbinabeauty.com\/wp-content\/uploads\/2025\/04\/Download-Coming-Soon-Text-Label-Vector-Template-Design-Illustration-for-free.jpg 736w, https:\/\/sergiourbinabeauty.com\/wp-content\/uploads\/2025\/04\/Download-Coming-Soon-Text-Label-Vector-Template-Design-Illustration-for-free-300x300.jpg 300w, https:\/\/sergiourbinabeauty.com\/wp-content\/uploads\/2025\/04\/Download-Coming-Soon-Text-Label-Vector-Template-Design-Illustration-for-free-150x150.jpg 150w\" sizes=\"(max-width: 736px) 100vw, 736px\" \/><\/figure><div class=\"elementor-image-box-content\"><h4 class=\"elementor-image-box-title\">Kaori Martinez<\/h4><p class=\"elementor-image-box-description\">Estilista<\/p><\/div><\/div>\t\t\t\t<\/div>\n\t\t\t\t<\/div>\n\t\t\t\t<div class=\"elementor-element elementor-element-69f721ed elementor-widget-tablet__width-initial elementor-widget-mobile__width-inherit elementor-widget__width-initial elementor-position-top elementor-widget elementor-widget-image-box\" data-id=\"69f721ed\" data-element_type=\"widget\" data-widget_type=\"image-box.default\">\n\t\t\t\t<div class=\"elementor-widget-container\">\n\t\t\t\t\t<div class=\"elementor-image-box-wrapper\"><figure class=\"elementor-image-box-img\"><img decoding=\"async\" width=\"736\" height=\"736\" src=\"https:\/\/sergiourbinabeauty.com\/wp-content\/uploads\/2025\/04\/Download-Coming-Soon-Text-Label-Vector-Template-Design-Illustration-for-free.jpg\" class=\"elementor-animation-grow attachment-full size-full wp-image-590\" alt=\"\" srcset=\"https:\/\/sergiourbinabeauty.com\/wp-content\/uploads\/2025\/04\/Download-Coming-Soon-Text-Label-Vector-Template-Design-Illustration-for-free.jpg 736w, https:\/\/sergiourbinabeauty.com\/wp-content\/uploads\/2025\/04\/Download-Coming-Soon-Text-Label-Vector-Template-Design-Illustration-for-free-300x300.jpg 300w, https:\/\/sergiourbinabeauty.com\/wp-content\/uploads\/2025\/04\/Download-Coming-Soon-Text-Label-Vector-Template-Design-Illustration-for-free-150x150.jpg 150w\" sizes=\"(max-width: 736px) 100vw, 736px\" \/><\/figure><div class=\"elementor-image-box-content\"><h4 class=\"elementor-image-box-title\">Doris Garcia<\/h4><p class=\"elementor-image-box-description\">Estilista<\/p><\/div><\/div>\t\t\t\t<\/div>\n\t\t\t\t<\/div>\n\t\t\t\t<\/div>\n\t\t\t\t\t<\/div>\n\t\t\t\t<\/div>\n\t\t<div class=\"elementor-element elementor-element-ff9401d e-flex e-con-boxed e-con e-parent\" data-id=\"ff9401d\" data-element_type=\"container\">\n\t\t\t\t\t<div class=\"e-con-inner\">\n\t\t\t\t<div class=\"elementor-element elementor-element-a8a5e86 elementor-widget elementor-widget-spacer\" data-id=\"a8a5e86\" data-element_type=\"widget\" data-widget_type=\"spacer.default\">\n\t\t\t\t<div class=\"elementor-widget-container\">\n\t\t\t\t\t\t\t<div class=\"elementor-spacer\">\n\t\t\t<div class=\"elementor-spacer-inner\"><\/div>\n\t\t<\/div>\n\t\t\t\t\t\t<\/div>\n\t\t\t\t<\/div>\n\t\t\t\t\t<\/div>\n\t\t\t\t<\/div>\n\t\t\t\t<\/div>","protected":false},"excerpt":{"rendered":"<p>Our Team Our team\u2019s talent levels are based on a combination of experience, continued education, technical expertise, and creative artistry. No matter who you choose to work with, you can expect a high level of professionalism and a customized experience that reflects the latest techniques and trends. Because every client is unique, we recommend selecting [&hellip;]<\/p>","protected":false},"author":1,"featured_media":0,"parent":0,"menu_order":0,"comment_status":"closed","ping_status":"closed","template":"","meta":{"footnotes":""},"class_list":["post-228","page","type-page","status-publish","hentry"],"_links":{"self":[{"href":"https:\/\/sergiourbinabeauty.com\/es\/wp-json\/wp\/v2\/pages\/228","targetHints":{"allow":["GET"]}}],"collection":[{"href":"https:\/\/sergiourbinabeauty.com\/es\/wp-json\/wp\/v2\/pages"}],"about":[{"href":"https:\/\/sergiourbinabeauty.com\/es\/wp-json\/wp\/v2\/types\/page"}],"author":[{"embeddable":true,"href":"https:\/\/sergiourbinabeauty.com\/es\/wp-json\/wp\/v2\/users\/1"}],"replies":[{"embeddable":true,"href":"https:\/\/sergiourbinabeauty.com\/es\/wp-json\/wp\/v2\/comments?post=228"}],"version-history":[{"count":47,"href":"https:\/\/sergiourbinabeauty.com\/es\/wp-json\/wp\/v2\/pages\/228\/revisions"}],"predecessor-version":[{"id":605,"href":"https:\/\/sergiourbinabeauty.com\/es\/wp-json\/wp\/v2\/pages\/228\/revisions\/605"}],"wp:attachment":[{"href":"https:\/\/sergiourbinabeauty.com\/es\/wp-json\/wp\/v2\/media?parent=228"}],"curies":[{"name":"wp","href":"https:\/\/api.w.org\/{rel}","templated":true}]}}