{"id":642,"date":"2025-04-15T21:22:28","date_gmt":"2025-04-15T21:22:28","guid":{"rendered":"https:\/\/sergiourbinabeauty.com\/?page_id=642"},"modified":"2025-04-26T04:25:58","modified_gmt":"2025-04-26T04:25:58","slug":"products","status":"publish","type":"page","link":"https:\/\/sergiourbinabeauty.com\/es\/products\/","title":{"rendered":"Productos"},"content":{"rendered":"<div data-elementor-type=\"wp-page\" data-elementor-id=\"642\" class=\"elementor elementor-642\" data-elementor-post-type=\"page\">\n\t\t\t\t<div class=\"elementor-element elementor-element-67dcc8fc e-con-full e-flex e-con e-parent\" data-id=\"67dcc8fc\" data-element_type=\"container\" data-settings=\"{&quot;background_background&quot;:&quot;classic&quot;}\">\n\t\t\t\t<div class=\"elementor-element elementor-element-2b73e5ef elementor-widget elementor-widget-heading\" data-id=\"2b73e5ef\" data-element_type=\"widget\" data-widget_type=\"heading.default\">\n\t\t\t\t<div class=\"elementor-widget-container\">\n\t\t\t\t\t<h2 class=\"elementor-heading-title elementor-size-default\">PRODUCTOS<\/h2>\t\t\t\t<\/div>\n\t\t\t\t<\/div>\n\t\t\t\t<div class=\"elementor-element elementor-element-4804fdc elementor-widget__width-initial elementor-widget-mobile__width-inherit elementor-widget elementor-widget-text-editor\" data-id=\"4804fdc\" data-element_type=\"widget\" data-widget_type=\"text-editor.default\">\n\t\t\t\t<div class=\"elementor-widget-container\">\n\t\t\t\t\t\t\t\t\t<p>F\u00f3rmulas de calidad profesional dise\u00f1adas para transformar tu cabello desde el interior. Desde champ\u00fas terap\u00e9uticos y exfoliantes para el cuero cabelludo hasta acondicionadores anti-frizz y el profundamente hidratante Vegan Night Spa, cada producto ofrece resultados de calidad de sal\u00f3n en casa. Estos tratamientos crean una capa suave y protectora que sella, retiene la humedad, reduce el frizz y realza el brillo. Perfectos para cabello seco, da\u00f1ado o tratado qu\u00edmicamente, entre otros.<\/p>\t\t\t\t\t\t\t\t<\/div>\n\t\t\t\t<\/div>\n\t\t<div class=\"elementor-element elementor-element-231b2042 e-flex e-con-boxed e-con e-child\" data-id=\"231b2042\" data-element_type=\"container\">\n\t\t\t\t\t<div class=\"e-con-inner\">\n\t\t\t\t<div class=\"elementor-element elementor-element-79488c90 elementor-gallery--filter-align-center elementor-widget elementor-widget-gallery\" data-id=\"79488c90\" data-element_type=\"widget\" data-settings=\"{&quot;columns&quot;:3,&quot;columns_mobile&quot;:2,&quot;aspect_ratio&quot;:&quot;1:1&quot;,&quot;lazyload&quot;:&quot;yes&quot;,&quot;gallery_layout&quot;:&quot;grid&quot;,&quot;columns_tablet&quot;:2,&quot;gap&quot;:{&quot;unit&quot;:&quot;px&quot;,&quot;size&quot;:10,&quot;sizes&quot;:[]},&quot;gap_tablet&quot;:{&quot;unit&quot;:&quot;px&quot;,&quot;size&quot;:10,&quot;sizes&quot;:[]},&quot;gap_mobile&quot;:{&quot;unit&quot;:&quot;px&quot;,&quot;size&quot;:10,&quot;sizes&quot;:[]},&quot;link_to&quot;:&quot;file&quot;,&quot;content_hover_animation&quot;:&quot;fade-in&quot;}\" data-widget_type=\"gallery.default\">\n\t\t\t\t<div class=\"elementor-widget-container\">\n\t\t\t\t\t\t\t\t<div class=\"elementor-gallery__titles-container e--pointer-text e--animation-grow\" aria-label=\"Gallery filter\">\n\t\t\t\t\n\t\t\t\t\t\t\t\t\t<a class=\"elementor-item elementor-gallery-title\" role=\"button\" tabindex=\"0\" data-gallery-index=\"0\">\n\t\t\t\t\t\tVer nuestros productos\t\t\t\t\t<\/a>\n\t\t\t\t\t\t\t\t<\/div>\n\t\t\t\t\t<div class=\"elementor-gallery__container\">\n\t\t\t\t\t\t\t<a class=\"e-gallery-item elementor-gallery-item elementor-animated-content\" data-e-gallery-tags=\"0\" href=\"https:\/\/sergiourbinabeauty.com\/wp-content\/uploads\/2025\/04\/4a4de9b2-5152-4b9c-95cd-7ae50d15f236-e1745094917454.jpeg\" data-elementor-open-lightbox=\"yes\" data-elementor-lightbox-slideshow=\"79488c90\" data-elementor-lightbox-title=\"4a4de9b2-5152-4b9c-95cd-7ae50d15f236\" data-e-action-hash=\"#elementor-action%3Aaction%3Dlightbox%26settings%3DeyJpZCI6OTQ3LCJ1cmwiOiJodHRwczpcL1wvc2VyZ2lvdXJiaW5hYmVhdXR5LmNvbVwvd3AtY29udGVudFwvdXBsb2Fkc1wvMjAyNVwvMDRcLzRhNGRlOWIyLTUxNTItNGI5Yy05NWNkLTdhZTUwZDE1ZjIzNi1lMTc0NTA5NDkxNzQ1NC5qcGVnIiwic2xpZGVzaG93IjoiNzk0ODhjOTAifQ%3D%3D\">\n\t\t\t\t\t<div class=\"e-gallery-image elementor-gallery-item__image\" data-thumbnail=\"https:\/\/sergiourbinabeauty.com\/wp-content\/uploads\/2025\/04\/4a4de9b2-5152-4b9c-95cd-7ae50d15f236-e1745094917454-963x1024.jpeg\" data-width=\"800\" data-height=\"851\" aria-label=\"\" role=\"img\" ><\/div>\n\t\t\t\t\t\t\t\t\t\t\t\t\t\t<\/a>\n\t\t\t\t\t\t\t<a class=\"e-gallery-item elementor-gallery-item elementor-animated-content\" data-e-gallery-tags=\"0\" href=\"https:\/\/sergiourbinabeauty.com\/wp-content\/uploads\/2025\/04\/980438bc-ee33-4827-b1ec-50debdd888c2.jpeg\" data-elementor-open-lightbox=\"yes\" data-elementor-lightbox-slideshow=\"79488c90\" data-elementor-lightbox-title=\"980438bc-ee33-4827-b1ec-50debdd888c2\" data-e-action-hash=\"#elementor-action%3Aaction%3Dlightbox%26settings%3DeyJpZCI6OTQ0LCJ1cmwiOiJodHRwczpcL1wvc2VyZ2lvdXJiaW5hYmVhdXR5LmNvbVwvd3AtY29udGVudFwvdXBsb2Fkc1wvMjAyNVwvMDRcLzk4MDQzOGJjLWVlMzMtNDgyNy1iMWVjLTUwZGViZGQ4ODhjMi5qcGVnIiwic2xpZGVzaG93IjoiNzk0ODhjOTAifQ%3D%3D\">\n\t\t\t\t\t<div class=\"e-gallery-image elementor-gallery-item__image\" data-thumbnail=\"https:\/\/sergiourbinabeauty.com\/wp-content\/uploads\/2025\/04\/980438bc-ee33-4827-b1ec-50debdd888c2-693x1024.jpeg\" data-width=\"693\" data-height=\"1024\" aria-label=\"\" role=\"img\" ><\/div>\n\t\t\t\t\t\t\t\t\t\t\t\t\t\t<\/a>\n\t\t\t\t\t\t\t<a class=\"e-gallery-item elementor-gallery-item elementor-animated-content\" data-e-gallery-tags=\"0\" href=\"https:\/\/sergiourbinabeauty.com\/wp-content\/uploads\/2025\/04\/a9204aa0-24ed-4486-b837-282dbf07981f.jpeg\" data-elementor-open-lightbox=\"yes\" data-elementor-lightbox-slideshow=\"79488c90\" data-elementor-lightbox-title=\"a9204aa0-24ed-4486-b837-282dbf07981f\" data-e-action-hash=\"#elementor-action%3Aaction%3Dlightbox%26settings%3DeyJpZCI6OTQ5LCJ1cmwiOiJodHRwczpcL1wvc2VyZ2lvdXJiaW5hYmVhdXR5LmNvbVwvd3AtY29udGVudFwvdXBsb2Fkc1wvMjAyNVwvMDRcL2E5MjA0YWEwLTI0ZWQtNDQ4Ni1iODM3LTI4MmRiZjA3OTgxZi5qcGVnIiwic2xpZGVzaG93IjoiNzk0ODhjOTAifQ%3D%3D\">\n\t\t\t\t\t<div class=\"e-gallery-image elementor-gallery-item__image\" data-thumbnail=\"https:\/\/sergiourbinabeauty.com\/wp-content\/uploads\/2025\/04\/a9204aa0-24ed-4486-b837-282dbf07981f.jpeg\" data-width=\"800\" data-height=\"800\" aria-label=\"\" role=\"img\" ><\/div>\n\t\t\t\t\t\t\t\t\t\t\t\t\t\t<\/a>\n\t\t\t\t\t\t\t<a class=\"e-gallery-item elementor-gallery-item elementor-animated-content\" data-e-gallery-tags=\"0\" href=\"https:\/\/sergiourbinabeauty.com\/wp-content\/uploads\/2025\/04\/07f9a47d-d6f9-427f-b3b3-7c7f8c199d41.jpeg\" data-elementor-open-lightbox=\"yes\" data-elementor-lightbox-slideshow=\"79488c90\" data-elementor-lightbox-title=\"07f9a47d-d6f9-427f-b3b3-7c7f8c199d41\" data-e-action-hash=\"#elementor-action%3Aaction%3Dlightbox%26settings%3DeyJpZCI6OTU1LCJ1cmwiOiJodHRwczpcL1wvc2VyZ2lvdXJiaW5hYmVhdXR5LmNvbVwvd3AtY29udGVudFwvdXBsb2Fkc1wvMjAyNVwvMDRcLzA3ZjlhNDdkLWQ2ZjktNDI3Zi1iM2IzLTdjN2Y4YzE5OWQ0MS5qcGVnIiwic2xpZGVzaG93IjoiNzk0ODhjOTAifQ%3D%3D\">\n\t\t\t\t\t<div class=\"e-gallery-image elementor-gallery-item__image\" data-thumbnail=\"https:\/\/sergiourbinabeauty.com\/wp-content\/uploads\/2025\/04\/07f9a47d-d6f9-427f-b3b3-7c7f8c199d41-831x1024.jpeg\" data-width=\"800\" data-height=\"986\" aria-label=\"\" role=\"img\" ><\/div>\n\t\t\t\t\t\t\t\t\t\t\t\t\t\t<\/a>\n\t\t\t\t\t\t\t<a class=\"e-gallery-item elementor-gallery-item elementor-animated-content\" data-e-gallery-tags=\"0\" href=\"https:\/\/sergiourbinabeauty.com\/wp-content\/uploads\/2025\/04\/a5f7bc0d-ba22-417c-a8d3-db691276b47b.jpeg\" data-elementor-open-lightbox=\"yes\" data-elementor-lightbox-slideshow=\"79488c90\" data-elementor-lightbox-title=\"a5f7bc0d-ba22-417c-a8d3-db691276b47b\" data-e-action-hash=\"#elementor-action%3Aaction%3Dlightbox%26settings%3DeyJpZCI6OTU0LCJ1cmwiOiJodHRwczpcL1wvc2VyZ2lvdXJiaW5hYmVhdXR5LmNvbVwvd3AtY29udGVudFwvdXBsb2Fkc1wvMjAyNVwvMDRcL2E1ZjdiYzBkLWJhMjItNDE3Yy1hOGQzLWRiNjkxMjc2YjQ3Yi5qcGVnIiwic2xpZGVzaG93IjoiNzk0ODhjOTAifQ%3D%3D\">\n\t\t\t\t\t<div class=\"e-gallery-image elementor-gallery-item__image\" data-thumbnail=\"https:\/\/sergiourbinabeauty.com\/wp-content\/uploads\/2025\/04\/a5f7bc0d-ba22-417c-a8d3-db691276b47b-1024x945.jpeg\" data-width=\"800\" data-height=\"738\" aria-label=\"\" role=\"img\" ><\/div>\n\t\t\t\t\t\t\t\t\t\t\t\t\t\t<\/a>\n\t\t\t\t\t\t\t<a class=\"e-gallery-item elementor-gallery-item elementor-animated-content\" data-e-gallery-tags=\"0\" href=\"https:\/\/sergiourbinabeauty.com\/wp-content\/uploads\/2025\/04\/3bb7d00a-703b-467d-ad4f-d5f34c21b186-e1745095050839.jpeg\" data-elementor-open-lightbox=\"yes\" data-elementor-lightbox-slideshow=\"79488c90\" data-elementor-lightbox-title=\"3bb7d00a-703b-467d-ad4f-d5f34c21b186\" data-e-action-hash=\"#elementor-action%3Aaction%3Dlightbox%26settings%3DeyJpZCI6OTUyLCJ1cmwiOiJodHRwczpcL1wvc2VyZ2lvdXJiaW5hYmVhdXR5LmNvbVwvd3AtY29udGVudFwvdXBsb2Fkc1wvMjAyNVwvMDRcLzNiYjdkMDBhLTcwM2ItNDY3ZC1hZDRmLWQ1ZjM0YzIxYjE4Ni1lMTc0NTA5NTA1MDgzOS5qcGVnIiwic2xpZGVzaG93IjoiNzk0ODhjOTAifQ%3D%3D\">\n\t\t\t\t\t<div class=\"e-gallery-image elementor-gallery-item__image\" data-thumbnail=\"https:\/\/sergiourbinabeauty.com\/wp-content\/uploads\/2025\/04\/3bb7d00a-703b-467d-ad4f-d5f34c21b186-e1745095020650-681x1024.jpeg\" data-width=\"681\" data-height=\"1024\" aria-label=\"\" role=\"img\" ><\/div>\n\t\t\t\t\t\t\t\t\t\t\t\t\t\t<\/a>\n\t\t\t\t\t\t\t<a class=\"e-gallery-item elementor-gallery-item elementor-animated-content\" data-e-gallery-tags=\"0\" href=\"https:\/\/sergiourbinabeauty.com\/wp-content\/uploads\/2025\/04\/ee55f389-4e35-49e2-aab1-3cc185c914a7.jpeg\" data-elementor-open-lightbox=\"yes\" data-elementor-lightbox-slideshow=\"79488c90\" data-elementor-lightbox-title=\"ee55f389-4e35-49e2-aab1-3cc185c914a7\" data-e-action-hash=\"#elementor-action%3Aaction%3Dlightbox%26settings%3DeyJpZCI6OTQyLCJ1cmwiOiJodHRwczpcL1wvc2VyZ2lvdXJiaW5hYmVhdXR5LmNvbVwvd3AtY29udGVudFwvdXBsb2Fkc1wvMjAyNVwvMDRcL2VlNTVmMzg5LTRlMzUtNDllMi1hYWIxLTNjYzE4NWM5MTRhNy5qcGVnIiwic2xpZGVzaG93IjoiNzk0ODhjOTAifQ%3D%3D\">\n\t\t\t\t\t<div class=\"e-gallery-image elementor-gallery-item__image\" data-thumbnail=\"https:\/\/sergiourbinabeauty.com\/wp-content\/uploads\/2025\/04\/ee55f389-4e35-49e2-aab1-3cc185c914a7-1024x859.jpeg\" data-width=\"800\" data-height=\"671\" aria-label=\"\" role=\"img\" ><\/div>\n\t\t\t\t\t\t\t\t\t\t\t\t\t\t<\/a>\n\t\t\t\t\t\t\t<a class=\"e-gallery-item elementor-gallery-item elementor-animated-content\" data-e-gallery-tags=\"0\" href=\"https:\/\/sergiourbinabeauty.com\/wp-content\/uploads\/2025\/04\/0ba7e5fa-37d1-46d0-a2f8-a645be4cf038-e1745097436686.jpeg\" data-elementor-open-lightbox=\"yes\" data-elementor-lightbox-slideshow=\"79488c90\" data-elementor-lightbox-title=\"0ba7e5fa-37d1-46d0-a2f8-a645be4cf038\" data-e-action-hash=\"#elementor-action%3Aaction%3Dlightbox%26settings%3DeyJpZCI6OTQ4LCJ1cmwiOiJodHRwczpcL1wvc2VyZ2lvdXJiaW5hYmVhdXR5LmNvbVwvd3AtY29udGVudFwvdXBsb2Fkc1wvMjAyNVwvMDRcLzBiYTdlNWZhLTM3ZDEtNDZkMC1hMmY4LWE2NDViZTRjZjAzOC1lMTc0NTA5NzQzNjY4Ni5qcGVnIiwic2xpZGVzaG93IjoiNzk0ODhjOTAifQ%3D%3D\">\n\t\t\t\t\t<div class=\"e-gallery-image elementor-gallery-item__image\" data-thumbnail=\"https:\/\/sergiourbinabeauty.com\/wp-content\/uploads\/2025\/04\/0ba7e5fa-37d1-46d0-a2f8-a645be4cf038-e1745097436686-1024x958.jpeg\" data-width=\"800\" data-height=\"748\" aria-label=\"\" role=\"img\" ><\/div>\n\t\t\t\t\t\t\t\t\t\t\t\t\t\t<\/a>\n\t\t\t\t\t\t\t<a class=\"e-gallery-item elementor-gallery-item elementor-animated-content\" data-e-gallery-tags=\"0\" href=\"https:\/\/sergiourbinabeauty.com\/wp-content\/uploads\/2025\/04\/7ba7d8e9-5798-489b-a14c-5400e41ba740.jpeg\" data-elementor-open-lightbox=\"yes\" data-elementor-lightbox-slideshow=\"79488c90\" data-elementor-lightbox-title=\"7ba7d8e9-5798-489b-a14c-5400e41ba740\" data-e-action-hash=\"#elementor-action%3Aaction%3Dlightbox%26settings%3DeyJpZCI6OTQxLCJ1cmwiOiJodHRwczpcL1wvc2VyZ2lvdXJiaW5hYmVhdXR5LmNvbVwvd3AtY29udGVudFwvdXBsb2Fkc1wvMjAyNVwvMDRcLzdiYTdkOGU5LTU3OTgtNDg5Yi1hMTRjLTU0MDBlNDFiYTc0MC5qcGVnIiwic2xpZGVzaG93IjoiNzk0ODhjOTAifQ%3D%3D\">\n\t\t\t\t\t<div class=\"e-gallery-image elementor-gallery-item__image\" data-thumbnail=\"https:\/\/sergiourbinabeauty.com\/wp-content\/uploads\/2025\/04\/7ba7d8e9-5798-489b-a14c-5400e41ba740-1024x993.jpeg\" data-width=\"800\" data-height=\"776\" aria-label=\"\" role=\"img\" ><\/div>\n\t\t\t\t\t\t\t\t\t\t\t\t\t\t<\/a>\n\t\t\t\t\t\t\t<a class=\"e-gallery-item elementor-gallery-item elementor-animated-content\" data-e-gallery-tags=\"0\" href=\"https:\/\/sergiourbinabeauty.com\/wp-content\/uploads\/2025\/04\/a2d90956-6642-46ba-a7b2-d53b86b48c96.jpeg\" data-elementor-open-lightbox=\"yes\" data-elementor-lightbox-slideshow=\"79488c90\" data-elementor-lightbox-title=\"a2d90956-6642-46ba-a7b2-d53b86b48c96\" data-e-action-hash=\"#elementor-action%3Aaction%3Dlightbox%26settings%3DeyJpZCI6OTUzLCJ1cmwiOiJodHRwczpcL1wvc2VyZ2lvdXJiaW5hYmVhdXR5LmNvbVwvd3AtY29udGVudFwvdXBsb2Fkc1wvMjAyNVwvMDRcL2EyZDkwOTU2LTY2NDItNDZiYS1hN2IyLWQ1M2I4NmI0OGM5Ni5qcGVnIiwic2xpZGVzaG93IjoiNzk0ODhjOTAifQ%3D%3D\">\n\t\t\t\t\t<div class=\"e-gallery-image elementor-gallery-item__image\" data-thumbnail=\"https:\/\/sergiourbinabeauty.com\/wp-content\/uploads\/2025\/04\/a2d90956-6642-46ba-a7b2-d53b86b48c96-1024x941.jpeg\" data-width=\"800\" data-height=\"735\" aria-label=\"\" role=\"img\" ><\/div>\n\t\t\t\t\t\t\t\t\t\t\t\t\t\t<\/a>\n\t\t\t\t\t\t\t<a class=\"e-gallery-item elementor-gallery-item elementor-animated-content\" data-e-gallery-tags=\"0\" href=\"https:\/\/sergiourbinabeauty.com\/wp-content\/uploads\/2025\/04\/89cbe922-8aca-43ab-933e-a5db2251bb17-e1745097397493.jpeg\" data-elementor-open-lightbox=\"yes\" data-elementor-lightbox-slideshow=\"79488c90\" data-elementor-lightbox-title=\"89cbe922-8aca-43ab-933e-a5db2251bb17\" data-e-action-hash=\"#elementor-action%3Aaction%3Dlightbox%26settings%3DeyJpZCI6OTQzLCJ1cmwiOiJodHRwczpcL1wvc2VyZ2lvdXJiaW5hYmVhdXR5LmNvbVwvd3AtY29udGVudFwvdXBsb2Fkc1wvMjAyNVwvMDRcLzg5Y2JlOTIyLThhY2EtNDNhYi05MzNlLWE1ZGIyMjUxYmIxNy1lMTc0NTA5NzM5NzQ5My5qcGVnIiwic2xpZGVzaG93IjoiNzk0ODhjOTAifQ%3D%3D\">\n\t\t\t\t\t<div class=\"e-gallery-image elementor-gallery-item__image\" data-thumbnail=\"https:\/\/sergiourbinabeauty.com\/wp-content\/uploads\/2025\/04\/89cbe922-8aca-43ab-933e-a5db2251bb17-1024x966.jpeg\" data-width=\"800\" data-height=\"755\" aria-label=\"\" role=\"img\" ><\/div>\n\t\t\t\t\t\t\t\t\t\t\t\t\t\t<\/a>\n\t\t\t\t\t\t\t<a class=\"e-gallery-item elementor-gallery-item elementor-animated-content\" data-e-gallery-tags=\"0\" href=\"https:\/\/sergiourbinabeauty.com\/wp-content\/uploads\/2025\/04\/776c1562-ba3c-4ac8-91eb-7ddd94795dd8.jpeg\" data-elementor-open-lightbox=\"yes\" data-elementor-lightbox-slideshow=\"79488c90\" data-elementor-lightbox-title=\"776c1562-ba3c-4ac8-91eb-7ddd94795dd8\" data-e-action-hash=\"#elementor-action%3Aaction%3Dlightbox%26settings%3DeyJpZCI6OTUwLCJ1cmwiOiJodHRwczpcL1wvc2VyZ2lvdXJiaW5hYmVhdXR5LmNvbVwvd3AtY29udGVudFwvdXBsb2Fkc1wvMjAyNVwvMDRcLzc3NmMxNTYyLWJhM2MtNGFjOC05MWViLTdkZGQ5NDc5NWRkOC5qcGVnIiwic2xpZGVzaG93IjoiNzk0ODhjOTAifQ%3D%3D\">\n\t\t\t\t\t<div class=\"e-gallery-image elementor-gallery-item__image\" data-thumbnail=\"https:\/\/sergiourbinabeauty.com\/wp-content\/uploads\/2025\/04\/776c1562-ba3c-4ac8-91eb-7ddd94795dd8.jpeg\" data-width=\"576\" data-height=\"1024\" aria-label=\"\" role=\"img\" ><\/div>\n\t\t\t\t\t\t\t\t\t\t\t\t\t\t<\/a>\n\t\t\t\t\t\t\t<a class=\"e-gallery-item elementor-gallery-item elementor-animated-content\" data-e-gallery-tags=\"0\" href=\"https:\/\/sergiourbinabeauty.com\/wp-content\/uploads\/2025\/04\/e1cec927-9c42-4f4e-8a90-ec9ee7290b1b.jpeg\" data-elementor-open-lightbox=\"yes\" data-elementor-lightbox-slideshow=\"79488c90\" data-elementor-lightbox-title=\"e1cec927-9c42-4f4e-8a90-ec9ee7290b1b\" data-e-action-hash=\"#elementor-action%3Aaction%3Dlightbox%26settings%3DeyJpZCI6OTQ2LCJ1cmwiOiJodHRwczpcL1wvc2VyZ2lvdXJiaW5hYmVhdXR5LmNvbVwvd3AtY29udGVudFwvdXBsb2Fkc1wvMjAyNVwvMDRcL2UxY2VjOTI3LTljNDItNGY0ZS04YTkwLWVjOWVlNzI5MGIxYi5qcGVnIiwic2xpZGVzaG93IjoiNzk0ODhjOTAifQ%3D%3D\">\n\t\t\t\t\t<div class=\"e-gallery-image elementor-gallery-item__image\" data-thumbnail=\"https:\/\/sergiourbinabeauty.com\/wp-content\/uploads\/2025\/04\/e1cec927-9c42-4f4e-8a90-ec9ee7290b1b-1024x1020.jpeg\" data-width=\"800\" data-height=\"797\" aria-label=\"\" role=\"img\" ><\/div>\n\t\t\t\t\t\t\t\t\t\t\t\t\t\t<\/a>\n\t\t\t\t\t\t\t<a class=\"e-gallery-item elementor-gallery-item elementor-animated-content\" data-e-gallery-tags=\"0\" href=\"https:\/\/sergiourbinabeauty.com\/wp-content\/uploads\/2025\/04\/3f67d14c-d7ba-4696-8ea1-e9c3c7871f1d-e1745094863354.jpeg\" data-elementor-open-lightbox=\"yes\" data-elementor-lightbox-slideshow=\"79488c90\" data-elementor-lightbox-title=\"3f67d14c-d7ba-4696-8ea1-e9c3c7871f1d\" data-e-action-hash=\"#elementor-action%3Aaction%3Dlightbox%26settings%3DeyJpZCI6OTQ1LCJ1cmwiOiJodHRwczpcL1wvc2VyZ2lvdXJiaW5hYmVhdXR5LmNvbVwvd3AtY29udGVudFwvdXBsb2Fkc1wvMjAyNVwvMDRcLzNmNjdkMTRjLWQ3YmEtNDY5Ni04ZWExLWU5YzNjNzg3MWYxZC1lMTc0NTA5NDg2MzM1NC5qcGVnIiwic2xpZGVzaG93IjoiNzk0ODhjOTAifQ%3D%3D\">\n\t\t\t\t\t<div class=\"e-gallery-image elementor-gallery-item__image\" data-thumbnail=\"https:\/\/sergiourbinabeauty.com\/wp-content\/uploads\/2025\/04\/3f67d14c-d7ba-4696-8ea1-e9c3c7871f1d-e1745094863354-744x1024.jpeg\" data-width=\"744\" data-height=\"1024\" aria-label=\"\" role=\"img\" ><\/div>\n\t\t\t\t\t\t\t\t\t\t\t\t\t\t<\/a>\n\t\t\t\t\t<\/div>\n\t\t\t\t\t<\/div>\n\t\t\t\t<\/div>\n\t\t\t\t\t<\/div>\n\t\t\t\t<\/div>\n\t\t\t\t<\/div>\n\t\t\t\t<\/div>","protected":false},"excerpt":{"rendered":"<p>PRODUCTS Professional-grade formulas designed to transform your hair from the inside out. From therapy shampoos and scalp exfoliant scrubs to anti-frizz conditioners and the deeply hydrating Vegan Night Spa and more, each product delivers salon-quality results at home. These treatments create a soft, protective layer that to seal, lock in moisture, reduce frizz, and boosts [&hellip;]<\/p>","protected":false},"author":1,"featured_media":0,"parent":0,"menu_order":0,"comment_status":"closed","ping_status":"closed","template":"","meta":{"footnotes":""},"class_list":["post-642","page","type-page","status-publish","hentry"],"_links":{"self":[{"href":"https:\/\/sergiourbinabeauty.com\/es\/wp-json\/wp\/v2\/pages\/642","targetHints":{"allow":["GET"]}}],"collection":[{"href":"https:\/\/sergiourbinabeauty.com\/es\/wp-json\/wp\/v2\/pages"}],"about":[{"href":"https:\/\/sergiourbinabeauty.com\/es\/wp-json\/wp\/v2\/types\/page"}],"author":[{"embeddable":true,"href":"https:\/\/sergiourbinabeauty.com\/es\/wp-json\/wp\/v2\/users\/1"}],"replies":[{"embeddable":true,"href":"https:\/\/sergiourbinabeauty.com\/es\/wp-json\/wp\/v2\/comments?post=642"}],"version-history":[{"count":86,"href":"https:\/\/sergiourbinabeauty.com\/es\/wp-json\/wp\/v2\/pages\/642\/revisions"}],"predecessor-version":[{"id":1104,"href":"https:\/\/sergiourbinabeauty.com\/es\/wp-json\/wp\/v2\/pages\/642\/revisions\/1104"}],"wp:attachment":[{"href":"https:\/\/sergiourbinabeauty.com\/es\/wp-json\/wp\/v2\/media?parent=642"}],"curies":[{"name":"wp","href":"https:\/\/api.w.org\/{rel}","templated":true}]}}