{"id":65,"date":"2025-04-08T18:16:40","date_gmt":"2025-04-08T18:16:40","guid":{"rendered":"https:\/\/sergiourbinabeauty.com\/?page_id=65"},"modified":"2025-04-25T22:04:00","modified_gmt":"2025-04-25T22:04:00","slug":"about-us","status":"publish","type":"page","link":"https:\/\/sergiourbinabeauty.com\/es\/about-us\/","title":{"rendered":"Sobre Nosotros"},"content":{"rendered":"<div data-elementor-type=\"wp-page\" data-elementor-id=\"65\" class=\"elementor elementor-65\" data-elementor-post-type=\"page\">\n\t\t\t\t<div class=\"elementor-element elementor-element-b373a1a e-flex e-con-boxed e-con e-parent\" data-id=\"b373a1a\" data-element_type=\"container\">\n\t\t\t\t\t<div class=\"e-con-inner\">\n\t\t\t\t<div class=\"elementor-element elementor-element-0084ca0 elementor-widget elementor-widget-spacer\" data-id=\"0084ca0\" data-element_type=\"widget\" data-widget_type=\"spacer.default\">\n\t\t\t\t<div class=\"elementor-widget-container\">\n\t\t\t\t\t\t\t<div class=\"elementor-spacer\">\n\t\t\t<div class=\"elementor-spacer-inner\"><\/div>\n\t\t<\/div>\n\t\t\t\t\t\t<\/div>\n\t\t\t\t<\/div>\n\t\t\t\t\t<\/div>\n\t\t\t\t<\/div>\n\t\t<div class=\"elementor-element elementor-element-170f8b26 e-con-full e-flex e-con e-parent\" data-id=\"170f8b26\" data-element_type=\"container\" data-settings=\"{&quot;background_background&quot;:&quot;gradient&quot;}\">\n\t\t<div class=\"elementor-element elementor-element-f75ca4b e-con-full e-flex e-con e-child\" data-id=\"f75ca4b\" data-element_type=\"container\">\n\t\t\t\t<div class=\"elementor-element elementor-element-3e4b5739 elementor-widget__width-initial elementor-widget-tablet__width-inherit elementor-widget elementor-widget-heading\" data-id=\"3e4b5739\" data-element_type=\"widget\" data-widget_type=\"heading.default\">\n\t\t\t\t<div class=\"elementor-widget-container\">\n\t\t\t\t\t<h2 class=\"elementor-heading-title elementor-size-default\">Sobre Nosotros<\/h2>\t\t\t\t<\/div>\n\t\t\t\t<\/div>\n\t\t\t\t<div class=\"elementor-element elementor-element-3f79a73e elementor-widget__width-initial elementor-widget-tablet__width-inherit elementor-widget elementor-widget-text-editor\" data-id=\"3f79a73e\" data-element_type=\"widget\" data-widget_type=\"text-editor.default\">\n\t\t\t\t<div class=\"elementor-widget-container\">\n\t\t\t\t\t\t\t\t\t<p>Sergio Urbina Beauty es un estudio de belleza de servicio completo ubicado en Sterling, VA, que ofrece cortes cl\u00e1sicos, estilismo profesional, servicios de color y una cuidada selecci\u00f3n de productos cosm\u00e9ticos. Con una profunda pasi\u00f3n por el arte de la belleza y un firme compromiso con las tendencias actuales, brindamos servicios personalizados dise\u00f1ados para realzar la confianza y elevar la elegancia en el d\u00eda a d\u00eda. Contamos con licencia de la Junta de Cosmetolog\u00eda de Virginia, y nuestro equipo combina precisi\u00f3n, creatividad y productos de alta calidad para ofrecer resultados excepcionales. Seguimos creciendo a trav\u00e9s de la educaci\u00f3n continua y contamos con certificaciones de programas como MUBA The Masters Class, Axel Makeup Academy y R &amp; P, lo que nos permite mantenernos actualizados con las \u00faltimas t\u00e9cnicas y est\u00e1ndares de la industria. Ya sea que est\u00e9 buscando un nuevo estilo, un acabado impecable para una ocasi\u00f3n especial o una gu\u00eda de belleza actualizada, en Sergio Urbina Beauty estamos dedicados a ayudar a cada cliente a sentirse radiante, empoderado y valorado.<\/p>\t\t\t\t\t\t\t\t<\/div>\n\t\t\t\t<\/div>\n\t\t\t\t<\/div>\n\t\t<div class=\"elementor-element elementor-element-77cedcdf e-flex e-con-boxed e-con e-child\" data-id=\"77cedcdf\" data-element_type=\"container\">\n\t\t\t\t\t<div class=\"e-con-inner\">\n\t\t\t\t<div class=\"elementor-element elementor-element-626f475f elementor-invisible elementor-widget elementor-widget-icon-box\" data-id=\"626f475f\" data-element_type=\"widget\" data-settings=\"{&quot;_animation&quot;:&quot;fadeInUp&quot;}\" data-widget_type=\"icon-box.default\">\n\t\t\t\t<div class=\"elementor-widget-container\">\n\t\t\t\t\t\t\t<div class=\"elementor-icon-box-wrapper\">\n\n\t\t\t\n\t\t\t\t\t\t<div class=\"elementor-icon-box-content\">\n\n\t\t\t\t\t\t\t\t\t<h3 class=\"elementor-icon-box-title\">\n\t\t\t\t\t\t<span  >\n\t\t\t\t\t\t\tNuestra Visi\u00f3n\t\t\t\t\t\t<\/span>\n\t\t\t\t\t<\/h3>\n\t\t\t\t\n\t\t\t\t\t\t\t\t\t<p class=\"elementor-icon-box-description\">\n\t\t\t\t\t\tCreemos que la belleza va m\u00e1s all\u00e1 de la t\u00e9cnica: se trata de la intenci\u00f3n, el cuidado y la experiencia que creamos para cada cliente. Nuestro sal\u00f3n combina habilidad art\u00edstica con un trato personalizado, ofreciendo servicios de alto nivel en un ambiente acogedor. Nos mantenemos a la vanguardia de las tendencias, invertimos en productos de primera calidad y nos enfocamos en ofrecer resultados que no solo luzcan incre\u00edbles, sino que tambi\u00e9n se sientan aut\u00e9nticos para usted.\t\t\t\t\t<\/p>\n\t\t\t\t\n\t\t\t<\/div>\n\t\t\t\n\t\t<\/div>\n\t\t\t\t\t\t<\/div>\n\t\t\t\t<\/div>\n\t\t\t\t<div class=\"elementor-element elementor-element-52578679 elementor-invisible elementor-widget elementor-widget-icon-box\" data-id=\"52578679\" data-element_type=\"widget\" data-settings=\"{&quot;_animation&quot;:&quot;fadeInUp&quot;,&quot;_animation_delay&quot;:100}\" data-widget_type=\"icon-box.default\">\n\t\t\t\t<div class=\"elementor-widget-container\">\n\t\t\t\t\t\t\t<div class=\"elementor-icon-box-wrapper\">\n\n\t\t\t\n\t\t\t\t\t\t<div class=\"elementor-icon-box-content\">\n\n\t\t\t\t\t\t\t\t\t<h3 class=\"elementor-icon-box-title\">\n\t\t\t\t\t\t<span  >\n\t\t\t\t\t\t\tNuestra Misi\u00f3n\t\t\t\t\t\t<\/span>\n\t\t\t\t\t<\/h3>\n\t\t\t\t\n\t\t\t\t\t\t\t\t\t<p class=\"elementor-icon-box-description\">\n\t\t\t\t\t\tNo estamos aqu\u00ed solo para peinar o maquillar\u2014estamos aqu\u00ed para empoderar la confianza y celebrar la individualidad. Sergio Urbina Beauty es un espacio donde el arte se encuentra con la conexi\u00f3n. Desde la primera consulta hasta el resultado final, nuestro objetivo es que cada visita se sienta como una transformaci\u00f3n\u2014no solo por fuera, sino tambi\u00e9n por dentro.\t\t\t\t\t<\/p>\n\t\t\t\t\n\t\t\t<\/div>\n\t\t\t\n\t\t<\/div>\n\t\t\t\t\t\t<\/div>\n\t\t\t\t<\/div>\n\t\t\t\t\t<\/div>\n\t\t\t\t<\/div>\n\t\t\t\t<\/div>\n\t\t<div class=\"elementor-element elementor-element-32cb3599 e-con-full e-flex e-con e-parent\" data-id=\"32cb3599\" data-element_type=\"container\" data-settings=\"{&quot;background_background&quot;:&quot;classic&quot;}\">\n\t\t\t\t<div class=\"elementor-element elementor-element-58696f10 elementor-widget__width-initial elementor-widget-mobile__width-inherit elementor-widget elementor-widget-text-editor\" data-id=\"58696f10\" data-element_type=\"widget\" data-widget_type=\"text-editor.default\">\n\t\t\t\t<div class=\"elementor-widget-container\">\n\t\t\t\t\t\t\t\t\t<p>Explora nuestros servicios, con\u00e9ctate con nosotros sobre tus metas de belleza y agenda tu pr\u00f3xima visita.<\/p>\t\t\t\t\t\t\t\t<\/div>\n\t\t\t\t<\/div>\n\t\t\t\t<div class=\"elementor-element elementor-element-4dde6940 elementor-align-left elementor-widget elementor-widget-button\" data-id=\"4dde6940\" data-element_type=\"widget\" data-widget_type=\"button.default\">\n\t\t\t\t<div class=\"elementor-widget-container\">\n\t\t\t\t\t\t\t\t\t<div class=\"elementor-button-wrapper\">\n\t\t\t\t\t<a class=\"elementor-button elementor-button-link elementor-size-sm elementor-animation-grow\" href=\"https:\/\/sergiourbinabeauty.com\/es\/for-her\/\" rel=\"nofollow\">\n\t\t\t\t\t\t<span class=\"elementor-button-content-wrapper\">\n\t\t\t\t\t\t\t\t\t<span class=\"elementor-button-text\">Aprende m\u00e1s<\/span>\n\t\t\t\t\t<\/span>\n\t\t\t\t\t<\/a>\n\t\t\t\t<\/div>\n\t\t\t\t\t\t\t\t<\/div>\n\t\t\t\t<\/div>\n\t\t\t\t<\/div>\n\t\t<div class=\"elementor-element elementor-element-7cac63c e-flex e-con-boxed e-con e-parent\" data-id=\"7cac63c\" data-element_type=\"container\">\n\t\t\t\t\t<div class=\"e-con-inner\">\n\t\t\t\t<div class=\"elementor-element elementor-element-cfd3044 elementor-widget elementor-widget-spacer\" data-id=\"cfd3044\" data-element_type=\"widget\" data-widget_type=\"spacer.default\">\n\t\t\t\t<div class=\"elementor-widget-container\">\n\t\t\t\t\t\t\t<div class=\"elementor-spacer\">\n\t\t\t<div class=\"elementor-spacer-inner\"><\/div>\n\t\t<\/div>\n\t\t\t\t\t\t<\/div>\n\t\t\t\t<\/div>\n\t\t\t\t\t<\/div>\n\t\t\t\t<\/div>\n\t\t\t\t<\/div>","protected":false},"excerpt":{"rendered":"<p>About Us Sergio Urbina Beauty is a full-service beauty studio located in Sterling, VA, offering classic cuts, expert styling, professional color services, and a curated selection of cosmetic products. With a deep passion for the art of beauty and a commitment to staying ahead of current trends, we provide personalized services designed to enhance confidence [&hellip;]<\/p>","protected":false},"author":1,"featured_media":0,"parent":0,"menu_order":0,"comment_status":"closed","ping_status":"closed","template":"","meta":{"footnotes":""},"class_list":["post-65","page","type-page","status-publish","hentry"],"_links":{"self":[{"href":"https:\/\/sergiourbinabeauty.com\/es\/wp-json\/wp\/v2\/pages\/65","targetHints":{"allow":["GET"]}}],"collection":[{"href":"https:\/\/sergiourbinabeauty.com\/es\/wp-json\/wp\/v2\/pages"}],"about":[{"href":"https:\/\/sergiourbinabeauty.com\/es\/wp-json\/wp\/v2\/types\/page"}],"author":[{"embeddable":true,"href":"https:\/\/sergiourbinabeauty.com\/es\/wp-json\/wp\/v2\/users\/1"}],"replies":[{"embeddable":true,"href":"https:\/\/sergiourbinabeauty.com\/es\/wp-json\/wp\/v2\/comments?post=65"}],"version-history":[{"count":81,"href":"https:\/\/sergiourbinabeauty.com\/es\/wp-json\/wp\/v2\/pages\/65\/revisions"}],"predecessor-version":[{"id":1028,"href":"https:\/\/sergiourbinabeauty.com\/es\/wp-json\/wp\/v2\/pages\/65\/revisions\/1028"}],"wp:attachment":[{"href":"https:\/\/sergiourbinabeauty.com\/es\/wp-json\/wp\/v2\/media?parent=65"}],"curies":[{"name":"wp","href":"https:\/\/api.w.org\/{rel}","templated":true}]}}